{"id":10452,"date":"2015-02-17T12:38:52","date_gmt":"2015-02-17T11:38:52","guid":{"rendered":"https:\/\/alzira.es\/infancia-y-deporte\/"},"modified":"2021-08-29T21:56:58","modified_gmt":"2021-08-29T19:56:58","slug":"infancia-y-deporte","status":"publish","type":"page","link":"https:\/\/alzira.es\/es\/servicios-municipales\/infancia\/infancia-y-deporte\/","title":{"rendered":"Infancia y deporte"},"content":{"rendered":"<p style=\"text-align: justify;\"><span style=\"font-family: Calibri, sans-serif; color: #000000;\">La pr\u00e1ctica del deporte es muy importante en edad infantil para el desarrollo f\u00edsico, psicol\u00f3gico y social. Adem\u00e1s es en este periodo cuando mejor se crean h\u00e1bitos para practicar el deporte.<\/span><\/p>\n<p style=\"text-align: justify;\"><span style=\"font-family: Calibri, sans-serif;\"><span style=\"color: #000000;\">En Alzira hay muchas alternativas para conocer, aprender o practicar alg\u00fan deporte. Para conocer las ofertas m\u00e1s adecuadas a tus intereses o capacidades puedes&nbsp; encontrar informaci\u00f3n en el<\/span> <span style=\"color: #000000;\">siguiente enlace del Departamento de Deportes:<\/span><\/span><\/p>\n<p style=\"text-align: justify;\"><span style=\"color: #0000ff;\"><strong><a href=\"http:\/\/mapainfancia.alzira.es\/\"><span style=\"font-family: Calibri, sans-serif; color: #0000ff;\">MAPA INSTALACIONES DEPORTIVAS<\/span><\/a><\/strong><\/span><\/p>\n","protected":false},"excerpt":{"rendered":"<p>La pr\u00e1ctica del deporte es muy importante en edad infantil para el desarrollo f\u00edsico, psicol\u00f3gico y social. Adem\u00e1s es en este periodo cuando mejor se crean h\u00e1bitos para practicar el deporte. En Alzira hay muchas alternativas para conocer, aprender o practicar alg\u00fan deporte. Para conocer las ofertas m\u00e1s adecuadas a tus intereses o capacidades puedes&nbsp; &hellip; <\/p>\n<p class=\"link-more\"><a href=\"https:\/\/alzira.es\/es\/servicios-municipales\/infancia\/infancia-y-deporte\/\" class=\"more-link\">Continuar leyendo<span class=\"screen-reader-text\"> \u00abInfancia y deporte\u00bb<\/span><\/a><\/p>\n","protected":false},"author":12,"featured_media":0,"parent":86060,"menu_order":11,"comment_status":"closed","ping_status":"closed","template":"","meta":{"_acf_changed":false,"footnotes":""},"class_list":["post-10452","page","type-page","status-publish","hentry"],"acf":[],"_links":{"self":[{"href":"https:\/\/alzira.es\/es\/wp-json\/wp\/v2\/pages\/10452","targetHints":{"allow":["GET"]}}],"collection":[{"href":"https:\/\/alzira.es\/es\/wp-json\/wp\/v2\/pages"}],"about":[{"href":"https:\/\/alzira.es\/es\/wp-json\/wp\/v2\/types\/page"}],"author":[{"embeddable":true,"href":"https:\/\/alzira.es\/es\/wp-json\/wp\/v2\/users\/12"}],"replies":[{"embeddable":true,"href":"https:\/\/alzira.es\/es\/wp-json\/wp\/v2\/comments?post=10452"}],"version-history":[{"count":1,"href":"https:\/\/alzira.es\/es\/wp-json\/wp\/v2\/pages\/10452\/revisions"}],"predecessor-version":[{"id":86071,"href":"https:\/\/alzira.es\/es\/wp-json\/wp\/v2\/pages\/10452\/revisions\/86071"}],"up":[{"embeddable":true,"href":"https:\/\/alzira.es\/es\/wp-json\/wp\/v2\/pages\/86060"}],"wp:attachment":[{"href":"https:\/\/alzira.es\/es\/wp-json\/wp\/v2\/media?parent=10452"}],"curies":[{"name":"wp","href":"https:\/\/api.w.org\/{rel}","templated":true}]}}