{"id":10428,"date":"2015-02-17T12:37:00","date_gmt":"2015-02-17T11:37:00","guid":{"rendered":"https:\/\/alzira.es\/infancia-y-tipo-libre\/"},"modified":"2021-08-29T21:58:32","modified_gmt":"2021-08-29T19:58:32","slug":"infancia-y-tipo-libre","status":"publish","type":"page","link":"https:\/\/alzira.es\/es\/servicios-municipales\/infancia\/infancia-y-tipo-libre\/","title":{"rendered":"Infancia y tiempo libre"},"content":{"rendered":"<p style=\"text-align: justify;\"><span style=\"font-family: Calibri, sans-serif;\">El tiempo libre o de ocio es el tiempo de vida cotidiana que no utilizamos para actividades obligatorias. Solemos aprovechar este tiempo para dedicarlo a nuestras aficiones, a descansar, divertirnos y a participar socialmente.<\/span><\/p>\n<p style=\"text-align: justify;\"><span style=\"font-family: Calibri, sans-serif;\">El tiempo libre de los ni\u00f1os y ni\u00f1as suele estar condicionado por los horarios de los adultos y, en una sociedad urbana como la nuestra, tenemos que intentar que este no sea tan individualizado ni est\u00e9 siempre condicionado por la televisi\u00f3n y el entretenimiento derivados de las nuevas tecnolog\u00edas.<\/span><\/p>\n<p style=\"text-align: justify;\"><span style=\"font-family: Calibri, sans-serif;\">Los objetivos del Plan de Infancia de la ciudad de Alzira en referencia al tiempo libre son los siguientes:<\/span><\/p>\n<p style=\"margin-left: 53.4pt; text-align: justify; text-indent: -18pt;\">&#8211;<span style=\"font-size: 7pt; line-height: normal; font-family: 'Times New Roman';\">\u00a0\u00a0\u00a0\u00a0\u00a0\u00a0\u00a0\u00a0\u00a0 <\/span><span style=\"font-family: Calibri, sans-serif;\">Crear actividades y recursos seg\u00fan las opiniones y demandas de los ni\u00f1os y ni\u00f1as.<\/span><\/p>\n<p style=\"margin-left: 53.4pt; text-align: justify; text-indent: -18pt;\">&#8211;<span style=\"font-size: 7pt; line-height: normal; font-family: 'Times New Roman';\">\u00a0\u00a0\u00a0\u00a0\u00a0\u00a0\u00a0\u00a0\u00a0 <\/span><span style=\"font-family: Calibri, sans-serif;\">Promover y consolidar actuaciones para desarrollar el derecho al juego, al deporte y otros h\u00e1bitos saludables.<\/span><\/p>\n<p style=\"margin-left: 53.4pt; text-align: justify; text-indent: -18pt;\">&#8211;<span style=\"font-size: 7pt; line-height: normal; font-family: 'Times New Roman';\">\u00a0\u00a0\u00a0\u00a0\u00a0\u00a0\u00a0\u00a0\u00a0 <\/span><span style=\"font-family: Calibri, sans-serif;\">Promover y consolidar actividades de tiempo libre en los periodos vacacionales y asegurar que llegan a todos y todas.<\/span><\/p>\n<p style=\"margin-left: 53.4pt; text-align: justify; text-indent: -18pt;\">&#8211;<span style=\"font-size: 7pt; line-height: normal; font-family: 'Times New Roman';\">\u00a0\u00a0\u00a0\u00a0\u00a0\u00a0\u00a0\u00a0\u00a0 <\/span><span style=\"font-family: Calibri, sans-serif;\">Favorecer la participaci\u00f3n en actividades sociales, culturales y de ocio.<\/span><\/p>\n<p style=\"text-align: justify;\"><strong><span style=\"color: #0000ff;\"><a href=\"http:\/\/mapainfancia.alzira.es\/\"><span style=\"font-family: Calibri, sans-serif; color: #0000ff;\">ENLACE A MAPA DE RECURSOS DE OCIO Y TIEMPO LIBRE<\/span><\/a><\/span><\/strong><\/p>\n<p style=\"text-align: justify;\">\n<p style=\"font-size: 14.3999996185303px; line-height: 23.0399990081787px; text-align: center;\">\n<p><strong>PR\u00d2XIMAS ACTIVITATS:<\/strong><\/p>\n<p>SEPTIEMBRE:<br \/>\nOCTUBRE: XX Concurso de Narrativa Infantil y Juvenil.<br \/>\nNOVIEMBRE: XXII Concurso Escolar de Dibujo de los Premios Literarios Ciudad de Alzira.<br \/>\nDICIEMBRE: Concurso Redacci\u00f3n Juvenil en Valenciano.<\/p>\n<p style=\"font-size: 14.3999996185303px; line-height: 23.0399990081787px; text-align: center;\"><span style=\"color: #800000; font-size: 18pt;\"><strong><span style=\"font-family: Calibri, sans-serif;\">\u00a0<\/span><\/strong><\/span><\/p>\n","protected":false},"excerpt":{"rendered":"<p>El tiempo libre o de ocio es el tiempo de vida cotidiana que no utilizamos para actividades obligatorias. Solemos aprovechar este tiempo para dedicarlo a nuestras aficiones, a descansar, divertirnos y a participar socialmente. El tiempo libre de los ni\u00f1os y ni\u00f1as suele estar condicionado por los horarios de los adultos y, en una sociedad &hellip; <\/p>\n<p class=\"link-more\"><a href=\"https:\/\/alzira.es\/es\/servicios-municipales\/infancia\/infancia-y-tipo-libre\/\" class=\"more-link\">Continuar leyendo<span class=\"screen-reader-text\"> \u00abInfancia y tiempo libre\u00bb<\/span><\/a><\/p>\n","protected":false},"author":12,"featured_media":0,"parent":86060,"menu_order":9,"comment_status":"closed","ping_status":"closed","template":"","meta":{"_acf_changed":false,"footnotes":""},"class_list":["post-10428","page","type-page","status-publish","hentry"],"acf":[],"_links":{"self":[{"href":"https:\/\/alzira.es\/es\/wp-json\/wp\/v2\/pages\/10428","targetHints":{"allow":["GET"]}}],"collection":[{"href":"https:\/\/alzira.es\/es\/wp-json\/wp\/v2\/pages"}],"about":[{"href":"https:\/\/alzira.es\/es\/wp-json\/wp\/v2\/types\/page"}],"author":[{"embeddable":true,"href":"https:\/\/alzira.es\/es\/wp-json\/wp\/v2\/users\/12"}],"replies":[{"embeddable":true,"href":"https:\/\/alzira.es\/es\/wp-json\/wp\/v2\/comments?post=10428"}],"version-history":[{"count":2,"href":"https:\/\/alzira.es\/es\/wp-json\/wp\/v2\/pages\/10428\/revisions"}],"predecessor-version":[{"id":86074,"href":"https:\/\/alzira.es\/es\/wp-json\/wp\/v2\/pages\/10428\/revisions\/86074"}],"up":[{"embeddable":true,"href":"https:\/\/alzira.es\/es\/wp-json\/wp\/v2\/pages\/86060"}],"wp:attachment":[{"href":"https:\/\/alzira.es\/es\/wp-json\/wp\/v2\/media?parent=10428"}],"curies":[{"name":"wp","href":"https:\/\/api.w.org\/{rel}","templated":true}]}}