{"id":10382,"date":"2013-08-26T15:23:24","date_gmt":"2013-08-26T13:23:24","guid":{"rendered":"https:\/\/alzira.es\/prestamo-de-libros\/"},"modified":"2021-07-27T18:09:32","modified_gmt":"2021-07-27T16:09:32","slug":"prestamo-de-libros","status":"publish","type":"page","link":"https:\/\/alzira.es\/es\/servicios-municipales\/biblioteca\/prestamo-de-libros\/","title":{"rendered":"Pr\u00e9stamo de libros"},"content":{"rendered":"<p style=\"font-size: 14.3999996185303px; line-height: 23.0399990081787px; text-align: center;\"><a href=\"http:\/\/comunitatvalenciana.ebiblio.es\/\" target=\"_blank\" rel=\"noopener\"><strong><span style=\"font-size: 14pt;\"><img decoding=\"async\" width=\"427\" height=\"87\" class=\"size-full wp-image-10380 lazyload\" data-src=\"https:\/\/alzira.es\/wp-content\/uploads\/2013\/08\/logo_ebiblio_1.png\" alt=\"logo ebiblio 1\" src=\"data:image\/svg+xml;base64,PHN2ZyB3aWR0aD0iMSIgaGVpZ2h0PSIxIiB4bWxucz0iaHR0cDovL3d3dy53My5vcmcvMjAwMC9zdmciPjwvc3ZnPg==\" style=\"--smush-placeholder-width: 427px; --smush-placeholder-aspect-ratio: 427\/87;\" \/><\/span><\/strong><\/a><\/p>\n<p style=\"margin-left: 30px;\">Para el pr\u00e9stamo de libros se requerir\u00e1 el carn\u00e9 de usuario\/a al corriente de tasas y libre de sanciones, y si no hay, la DNI de la persona usuaria.<\/p>\n<p style=\"margin-left: 30px;\">Si se prestan libros en nombre de otra persona, se requerir\u00e1 el carn\u00e9 de usuario\/a en nombre del que se realiza el pr\u00e9stamo.<\/p>\n<p style=\"margin-left: 30px;\">No se pueden cambiar libros de un carn\u00e9 a otro por tel\u00e9fono.<\/p>\n<p style=\"margin-left: 30px;\">Se prestar\u00e1n 3 libros durante 15 d\u00edas y la posibilidad de renovaci\u00f3n de 15 d\u00edas m\u00e1s, que depender\u00e1 de s\u00ed hay reservas sobre el ejemplar.<\/p>\n<p style=\"margin-left: 30px;\">La renovaci\u00f3n de libros solo se podr\u00e1 realizar si no se ha excedido la fecha de pr\u00e9stamo indicada.<\/p>\n<p style=\"margin-left: 30px;\">Si se sobrepasa la fecha de la devoluci\u00f3n indicada, el programa impondr\u00e1 autom\u00e1ticamente una sanci\u00f3n que imposibilita poder acceder tanto al servicio de pr\u00e9stamo como al de reserva de libros, hasta que finalice su sanci\u00f3n.<\/p>\n<p style=\"margin-left: 30px;\">La penalizaci\u00f3n por demora en la devoluci\u00f3n de libros ser\u00e1 en d\u00edas de uso del servicio de pr\u00e9stamo y reserva. El n\u00famero de d\u00edas se incrementar\u00e1 seg\u00fan la cantidad de libros y los d\u00edas de retraso.<\/p>\n","protected":false},"excerpt":{"rendered":"<p>Para el pr\u00e9stamo de libros se requerir\u00e1 el carn\u00e9 de usuario\/a al corriente de tasas y libre de sanciones, y si no hay, la DNI de la persona usuaria. Si se prestan libros en nombre de otra persona, se requerir\u00e1 el carn\u00e9 de usuario\/a en nombre del que se realiza el pr\u00e9stamo. No se pueden &hellip; <\/p>\n<p class=\"link-more\"><a href=\"https:\/\/alzira.es\/es\/servicios-municipales\/biblioteca\/prestamo-de-libros\/\" class=\"more-link\">Continuar leyendo<span class=\"screen-reader-text\"> \u00abPr\u00e9stamo de libros\u00bb<\/span><\/a><\/p>\n","protected":false},"author":12,"featured_media":0,"parent":48857,"menu_order":9,"comment_status":"closed","ping_status":"closed","template":"","meta":{"_acf_changed":false,"footnotes":""},"class_list":["post-10382","page","type-page","status-publish","hentry"],"acf":[],"_links":{"self":[{"href":"https:\/\/alzira.es\/es\/wp-json\/wp\/v2\/pages\/10382","targetHints":{"allow":["GET"]}}],"collection":[{"href":"https:\/\/alzira.es\/es\/wp-json\/wp\/v2\/pages"}],"about":[{"href":"https:\/\/alzira.es\/es\/wp-json\/wp\/v2\/types\/page"}],"author":[{"embeddable":true,"href":"https:\/\/alzira.es\/es\/wp-json\/wp\/v2\/users\/12"}],"replies":[{"embeddable":true,"href":"https:\/\/alzira.es\/es\/wp-json\/wp\/v2\/comments?post=10382"}],"version-history":[{"count":2,"href":"https:\/\/alzira.es\/es\/wp-json\/wp\/v2\/pages\/10382\/revisions"}],"predecessor-version":[{"id":84138,"href":"https:\/\/alzira.es\/es\/wp-json\/wp\/v2\/pages\/10382\/revisions\/84138"}],"up":[{"embeddable":true,"href":"https:\/\/alzira.es\/es\/wp-json\/wp\/v2\/pages\/48857"}],"wp:attachment":[{"href":"https:\/\/alzira.es\/es\/wp-json\/wp\/v2\/media?parent=10382"}],"curies":[{"name":"wp","href":"https:\/\/api.w.org\/{rel}","templated":true}]}}