{"id":1038,"date":"2011-06-27T14:34:28","date_gmt":"2011-06-27T12:34:28","guid":{"rendered":"https:\/\/alzira.es\/planes-parciales\/"},"modified":"2022-01-20T13:29:15","modified_gmt":"2022-01-20T12:29:15","slug":"planes-parciales","status":"publish","type":"page","link":"https:\/\/alzira.es\/es\/servicios-municipales\/urbanismo-e-infraestructuras\/planeamiento\/planes-parciales\/","title":{"rendered":"Planes Parciales"},"content":{"rendered":"\n<h2 class=\"wp-block-heading\">INDUSTRIAL<\/h2>\n\n\n\n<h4 class=\"wp-block-heading\">PLAN PARCIAL DEL SECTOR \u00abUEI-06-CAMINO DE BENICULL\u00bb<\/h4>\n\n\n\n<ul class=\"wp-block-list\"><li><a href=\"https:\/\/alzira.es\/wp-content\/uploads\/2011\/06\/Normas_Urbanisticas.pdf\" target=\"_blank\" rel=\"noreferrer noopener\">NORMAS URBAN\u00cdSTICAS<\/a><\/li><li><a href=\"https:\/\/alzira.es\/wp-content\/uploads\/2011\/06\/Plano-ordenacion.pdf\" target=\"_blank\" rel=\"noreferrer noopener\">PLANO DE ORDENACI\u00d3N<\/a><\/li><\/ul>\n\n\n\n<h4 class=\"wp-block-heading\">PLAN PARCIAL DEL SECTOR PPI-07-LA GRANJA<\/h4>\n\n\n\n<ul class=\"wp-block-list\"><li><a href=\"https:\/\/alzira.es\/wp-content\/uploads\/2022\/01\/Normas_Urbanisticas-Sector-PPI-07-La-Granja.pdf\" target=\"_blank\" rel=\"noreferrer noopener\">NORMAS URBAN\u00cdSTICAS<\/a><\/li><\/ul>\n\n\n\n<h4 class=\"wp-block-heading\">PLAN PARCIAL DEL SECTOR PPI-08-CIUDAD DEL TRANSPORTES<\/h4>\n\n\n\n<ul class=\"wp-block-list\"><li><a href=\"https:\/\/alzira.es\/wp-content\/uploads\/2011\/06\/Ordenanzas.pdf\" target=\"_blank\" rel=\"noreferrer noopener\">ORDENANZAS<\/a><\/li><li><a href=\"https:\/\/alzira.es\/wp-content\/uploads\/2011\/06\/plano_parcelas.pdf\" target=\"_blank\" rel=\"noreferrer noopener\">PLANO DISTRIBUCI\u00d3N DE PARCELAS<\/a><\/li><\/ul>\n\n\n\n<h4 class=\"wp-block-heading\">PLAN PARCIAL DEL SECTOR \u00abUEI-09\u00bb<\/h4>\n\n\n\n<ul class=\"wp-block-list\"><li><a href=\"https:\/\/alzira.es\/wp-content\/uploads\/2022\/01\/Normas_Urbanisticas-Sector-UEI-09.pdf\" target=\"_blank\" rel=\"noreferrer noopener\">NORMAS URBAN\u00cdSTICAS<\/a><\/li><\/ul>\n\n\n\n<h4 class=\"wp-block-heading\">PLAN PARCIAL DEL SECTOR PPI-11 EL PLA<\/h4>\n\n\n\n<ul class=\"wp-block-list\"><li><a href=\"https:\/\/alzira.es\/wp-content\/uploads\/2011\/06\/4-NN-UU-MODIFICADA_REFUNDIDO-2020-EL-PLA-2.pdf\" target=\"_blank\" rel=\"noopener\">NORMAS URBAN\u00cdSTICAS<\/a><\/li><\/ul>\n\n\n\n<h4 class=\"wp-block-heading\">PLAN ESPECIAL DE REFORMA INTERIOR \u00abCARRETERA DE ALBALAT\u00bb<\/h4>\n\n\n\n<ul class=\"wp-block-list\"><li><a href=\"https:\/\/alzira.es\/wp-content\/uploads\/2011\/06\/PERI_CARRETERA_ALBALAT_noviembre_2010.pdf\" target=\"_blank\" rel=\"noreferrer noopener\">MEMORIA<\/a><\/li><\/ul>\n\n\n\n<h2 class=\"wp-block-heading\">RESIDENCIAL<\/h2>\n\n\n\n<h4 class=\"wp-block-heading\">PLAN PARCIAL SECTOR SANTA MARIA DE BONAIRE<\/h4>\n\n\n\n<ul class=\"wp-block-list\"><li><a href=\"https:\/\/alzira.es\/wp-content\/uploads\/2022\/01\/Normas_Urbanisticas-SECTOR-SANTA-MARIA-DE-BONAIRE.pdf\" target=\"_blank\" rel=\"noreferrer noopener\">NORMAS URBAN\u00cdSTICAS<\/a><\/li><\/ul>\n\n\n\n<h4 class=\"wp-block-heading\">PLAN PARCIAL DEL SECTOR PPR03-HUERTO DE GALVA\u00d1\u00d3N<\/h4>\n\n\n\n<ul class=\"wp-block-list\"><li><a href=\"https:\/\/alzira.es\/wp-content\/uploads\/2011\/06\/4-REFUNDIDO-NN-UU_2020-GALVANON-2.pdf\" target=\"_blank\" rel=\"noreferrer noopener\">NORMAS URBAN\u00cdSTICAS<\/a><\/li><\/ul>\n\n\n\n<h4 class=\"wp-block-heading\">PLAN PARCIAL DEL SECTOR PAR-07-AGRALCO<\/h4>\n\n\n\n<ul class=\"wp-block-list\"><li><a href=\"https:\/\/alzira.es\/wp-content\/uploads\/2022\/01\/Normas_Urbanisticas-Sector-PAR-07-AGRALCO.pdf\" target=\"_blank\" rel=\"noreferrer noopener\">NORMAS URBAN\u00cdSTICAS<\/a><\/li><\/ul>\n\n\n\n<h4 class=\"wp-block-heading\">PLAN PARCIAL SECTOR TULELL<\/h4>\n\n\n\n<ul class=\"wp-block-list\"><li><a href=\"https:\/\/alzira.es\/wp-content\/uploads\/2011\/06\/2-NN-UU-TULELL_REFUNDIDO-2020-2.pdf\" target=\"_blank\" rel=\"noopener\">NORMAS URBAN\u00cdSTICAS<\/a><\/li><\/ul>\n\n\n\n<h4 class=\"wp-block-heading\">PLAN PARCIAL SECTOR PPR12-EL RAC\u00d3<\/h4>\n\n\n\n<ul class=\"wp-block-list\"><li><a href=\"https:\/\/alzira.es\/wp-content\/uploads\/2011\/06\/2-REFUNDIDO-NN-UU-RACO_2020.pdf\" target=\"_blank\" rel=\"noopener\">NORMAS URBAN\u00cdSTICAS<\/a><\/li><li><a href=\"https:\/\/alzira.es\/wp-content\/uploads\/2011\/06\/Plano_01.-Superficie_Aportada_Estado_Actual_Topografico.pdf\" target=\"_blank\" rel=\"noopener\">PLANO 01. SUPERFICIE APORTADA ESTADO ACTUAL (TOPOGR\u00c1FICO).<\/a><\/li><li><a href=\"https:\/\/alzira.es\/wp-content\/uploads\/2011\/06\/Plano_02.-Superposicion_Topografica_Y_Zonificacion.pdf\" target=\"_blank\" rel=\"noopener\">PLANO 02. SUPERPOSICI\u00d3N TOPOGR\u00c1FICA Y ZONIFICACI\u00d3N.<\/a><\/li><li><a href=\"https:\/\/alzira.es\/wp-content\/uploads\/2011\/06\/Plano_03.-Alineacion_Pormenorizada_y_Zonificacion.pdf\" target=\"_blank\" rel=\"noopener\">PLANO 03. ALINEACI\u00d3N PORMENORIZADA Y ZONIFICACI\u00d3N.<\/a><\/li><li><a href=\"https:\/\/alzira.es\/wp-content\/uploads\/2011\/06\/Plano_04.-Red_Viaria.pdf\" target=\"_blank\" rel=\"noopener\">PLANO 04. RED VIARIA.<\/a><\/li><li><a href=\"https:\/\/alzira.es\/wp-content\/uploads\/2011\/06\/Plano_05.-Saneamiento.pdf\" target=\"_blank\" rel=\"noopener\">PLANO 05. SANEAMIENTO.<\/a><\/li><li><a href=\"https:\/\/alzira.es\/wp-content\/uploads\/2011\/06\/Plano_06.-Red_Agua_Potable.pdf\" target=\"_blank\" rel=\"noopener\">PLANO 06. RED AGUA POTABLE.<\/a><\/li><li><a href=\"https:\/\/alzira.es\/wp-content\/uploads\/2011\/06\/Plano_07.-Red_Alumbrado_Publico.pdf\" target=\"_blank\" rel=\"noopener\">PLANO 07. RED ALUMBRADO P\u00daBLICO.<\/a><\/li><li><a href=\"https:\/\/alzira.es\/wp-content\/uploads\/2011\/06\/Plano_08.-Red_Electrica_Baja_Tension.pdf\" target=\"_blank\" rel=\"noopener\">PLANO 08. RED EL\u00c9CTRICA BAJA TENSI\u00d3N.<\/a><\/li><li><a href=\"https:\/\/alzira.es\/wp-content\/uploads\/2011\/06\/Plano_09.-Red_Telecomunicaciones.pdf\" target=\"_blank\" rel=\"noopener\">PLANO 09. RED TELECOMUNICACIONES.<\/a><\/li><\/ul>\n\n\n\n<h4 class=\"wp-block-heading\">PLAN PARCIAL SECTOR SANTA MARINA II<\/h4>\n\n\n\n<ul class=\"wp-block-list\"><li><a href=\"https:\/\/alzira.es\/wp-content\/uploads\/2011\/06\/2-NNUU-SANTA-MARINA-II_REFUNDIDO-2020-2.pdf\" target=\"_blank\" rel=\"noreferrer noopener\">NORMAS URBAN\u00cdSTICAS<\/a><\/li><\/ul>\n\n\n\n<h4 class=\"wp-block-heading\">PLAN PARCIAL SECTOR BARRACA DE AGUAS VIVAS<\/h4>\n\n\n\n<ul class=\"wp-block-list\"><li><a href=\"https:\/\/alzira.es\/wp-content\/uploads\/2022\/01\/Normas_Urbanisticas-Sector-Barraca-de-Aguas-Vivas.pdf\" target=\"_blank\" rel=\"noreferrer noopener\">NORMAS URBAN\u00cdSTICAS<\/a>\u00a0<\/li><\/ul>\n\n\n\n<h2 class=\"wp-block-heading\">TERCIARIO<\/h2>\n","protected":false},"excerpt":{"rendered":"<p>INDUSTRIAL PLAN PARCIAL DEL SECTOR \u00abUEI-06-CAMINO DE BENICULL\u00bb NORMAS URBAN\u00cdSTICAS PLANO DE ORDENACI\u00d3N PLAN PARCIAL DEL SECTOR PPI-07-LA GRANJA NORMAS URBAN\u00cdSTICAS PLAN PARCIAL DEL SECTOR PPI-08-CIUDAD DEL TRANSPORTES ORDENANZAS PLANO DISTRIBUCI\u00d3N DE PARCELAS PLAN PARCIAL DEL SECTOR \u00abUEI-09\u00bb NORMAS URBAN\u00cdSTICAS PLAN PARCIAL DEL SECTOR PPI-11 EL PLA NORMAS URBAN\u00cdSTICAS PLAN ESPECIAL DE REFORMA INTERIOR \u00abCARRETERA &hellip; <\/p>\n<p class=\"link-more\"><a href=\"https:\/\/alzira.es\/es\/servicios-municipales\/urbanismo-e-infraestructuras\/planeamiento\/planes-parciales\/\" class=\"more-link\">Continuar leyendo<span class=\"screen-reader-text\"> \u00abPlanes Parciales\u00bb<\/span><\/a><\/p>\n","protected":false},"author":12,"featured_media":0,"parent":714,"menu_order":10,"comment_status":"closed","ping_status":"closed","template":"","meta":{"_acf_changed":false,"footnotes":""},"class_list":["post-1038","page","type-page","status-publish","hentry"],"acf":[],"_links":{"self":[{"href":"https:\/\/alzira.es\/es\/wp-json\/wp\/v2\/pages\/1038","targetHints":{"allow":["GET"]}}],"collection":[{"href":"https:\/\/alzira.es\/es\/wp-json\/wp\/v2\/pages"}],"about":[{"href":"https:\/\/alzira.es\/es\/wp-json\/wp\/v2\/types\/page"}],"author":[{"embeddable":true,"href":"https:\/\/alzira.es\/es\/wp-json\/wp\/v2\/users\/12"}],"replies":[{"embeddable":true,"href":"https:\/\/alzira.es\/es\/wp-json\/wp\/v2\/comments?post=1038"}],"version-history":[{"count":1,"href":"https:\/\/alzira.es\/es\/wp-json\/wp\/v2\/pages\/1038\/revisions"}],"predecessor-version":[{"id":112734,"href":"https:\/\/alzira.es\/es\/wp-json\/wp\/v2\/pages\/1038\/revisions\/112734"}],"up":[{"embeddable":true,"href":"https:\/\/alzira.es\/es\/wp-json\/wp\/v2\/pages\/714"}],"wp:attachment":[{"href":"https:\/\/alzira.es\/es\/wp-json\/wp\/v2\/media?parent=1038"}],"curies":[{"name":"wp","href":"https:\/\/api.w.org\/{rel}","templated":true}]}}